{"id":316,"date":"2022-03-11T15:56:51","date_gmt":"2022-03-11T15:56:51","guid":{"rendered":"https:\/\/insulineo.fr\/?page_id=316"},"modified":"2026-02-04T18:43:04","modified_gmt":"2026-02-04T16:43:04","slug":"mentions-legales","status":"publish","type":"page","link":"https:\/\/insulineo.fr\/index.php\/mentions-legales\/","title":{"rendered":"Mentions l\u00e9gales"},"content":{"rendered":"<p><strong>www.insulineo.fr est un site officiel de :<\/strong><\/p>\n<p>&nbsp;<\/p>\n<h3 data-fontsize=\"13\" data-lineheight=\"20\"><strong>DIRECTEUR DE LA PUBLICATION<\/strong><\/h3>\n<blockquote><p>Monsieur DAUSSE<\/p><\/blockquote>\n<h3 data-fontsize=\"13\" data-lineheight=\"20\"><strong>H\u00c9BERGEMENT<\/strong><\/h3>\n<blockquote><p><strong><a href=\"http:\/\/www.digisense.fr\/\">Digisense<\/a><\/strong>\u00a0donnez du sens \u00e0 vos sites<\/p>\n<p>2 avenue Georges BRASSENS C5 &#8211; 13100 AIX EN PROVENCE<\/p><\/blockquote>\n<h3 data-fontsize=\"13\" data-lineheight=\"20\"><strong>UTILISATION DE COOKIES<\/strong><\/h3>\n<blockquote><p>La gestion des commandes n\u00e9cessite l\u2019utilisation de cookies. Des informations non personnelles sont enregistr\u00e9es par ce syst\u00e8me de cookies (fichiers texte utilis\u00e9s pour reconna\u00eetre un utilisateur et ainsi faciliter son utilisation du site). Ceux-ci n\u2019ont aucune signification en dehors de leur utilisation sur le site insulineo.fr<\/p><\/blockquote>\n<h3 data-fontsize=\"13\" data-lineheight=\"20\"><strong>LIENS HYPERTEXTE<\/strong><\/h3>\n<blockquote><p><strong>INSULINEO<\/strong>\u00a0ne contr\u00f4le pas les sites en connexion avec le sien, et ne saurait donc \u00eatre responsable de leur contenu. Les risques li\u00e9s \u00e0 l\u2019utilisation de ces sites incombent pleinement \u00e0 l\u2019utilisateur. Il se conformera \u00e0 leurs conditions d\u2019utilisation.<\/p><\/blockquote>\n<h3 data-fontsize=\"13\" data-lineheight=\"20\"><strong>DROIT D\u2019AUTEUR ET PLAGIAT<\/strong><\/h3>\n<blockquote><p>Le site de <strong>INSULINEO<\/strong>, son contenu int\u00e9gral (textes, visuels, photos\u2026) est prot\u00e9g\u00e9 par les droits d\u2019auteurs<\/p><\/blockquote>\n<h3><strong>CONCEPTION DU SITE ET STRAT\u00c9GIE \u00c9DITORIALE<\/strong><\/h3>\n<blockquote><p><strong><a href=\"http:\/\/www.digisense.fr\/\">Digisense<\/a><\/strong>\u00a0donnez du sens \u00e0 vos sites<\/p>\n<p>2 avenue Georges BRASSENS C5 &#8211; 13100 AIX EN PROVENCE<\/p><\/blockquote>\n<h3><strong>POLITIQUE DE CONFIDENTIALIT\u00c9<\/strong><\/h3>\n<blockquote><p>Ces donn\u00e9es sont exclusivement destin\u00e9es et n\u00e9cessaires au traitement de votre demande. Elles ne sont en aucun cas transmises \u00e0 des tiers.<\/p>\n<p>Elles sont conserv\u00e9es pendant 1 an \u00e0 compter de la r\u00e9ception de la demande ou tout au long de la dur\u00e9e du contrat \u00e0 compter de sa date de signature par le client.<\/p>\n<p>Conform\u00e9ment \u00e0 la loi 78.17 relative \u00e0 l\u2019informatique, aux fichiers et aux libert\u00e9s, vous disposez d\u2019un droit d\u2019acc\u00e8s, de rectification, d\u2019opposition, de limitation du traitement, d\u2019effacement et de portabilit\u00e9 de vos donn\u00e9es que vous pouvez exercer par email \u00e0 l\u2019adresse\u00a0<a href=\"mailto:support@insulineo.fr\">support@insulineo.fr<\/a>\u00a0, en pr\u00e9cisant vos nom, pr\u00e9nom, adresse ou email, et en joignant une photocopie recto\/verso de votre pi\u00e8ce d\u2019identit\u00e9.<\/p>\n<p>En cas de difficult\u00e9 en lien avec la gestion de vos donn\u00e9es personnelles, vous pouvez adresser une r\u00e9clamation aupr\u00e8s de la CNIL. 78.17 relative \u00e0 l\u2019informatique, aux fichiers et aux libert\u00e9s.<\/p><\/blockquote>\n","protected":false},"excerpt":{"rendered":"<p>www.insulineo.fr est un site officiel de : &nbsp; DIRECTEUR DE LA PUBLICATION Monsieur DAUSSE H\u00c9BERGEMENT Digisense\u00a0donnez du sens \u00e0 vos sites 2 avenue Georges BRASSENS C5 &#8211; 13100 AIX EN PROVENCE UTILISATION DE COOKIES La gestion des commandes n\u00e9cessite l\u2019utilisation de cookies. Des informations non personnelles sont enregistr\u00e9es par ce syst\u00e8me de cookies (fichiers texte [&hellip;]<\/p>\n","protected":false},"author":1,"featured_media":0,"parent":0,"menu_order":0,"comment_status":"closed","ping_status":"closed","template":"","meta":{"_et_pb_use_builder":"","_et_pb_old_content":"","_et_gb_content_width":"","footnotes":""},"class_list":["post-316","page","type-page","status-publish","hentry"],"yoast_head":"<!-- This site is optimized with the Yoast SEO plugin v27.3 - https:\/\/yoast.com\/product\/yoast-seo-wordpress\/ -->\n<title>Mentions l\u00e9gales - insulineo<\/title>\n<meta name=\"robots\" content=\"index, follow, max-snippet:-1, max-image-preview:large, max-video-preview:-1\" \/>\n<link rel=\"canonical\" href=\"https:\/\/insulineo.fr\/index.php\/mentions-legales\/\" \/>\n<meta property=\"og:locale\" content=\"fr_FR\" \/>\n<meta property=\"og:type\" content=\"article\" \/>\n<meta property=\"og:title\" content=\"Mentions l\u00e9gales - insulineo\" \/>\n<meta property=\"og:description\" content=\"www.insulineo.fr est un site officiel de : &nbsp; DIRECTEUR DE LA PUBLICATION Monsieur DAUSSE H\u00c9BERGEMENT Digisense\u00a0donnez du sens \u00e0 vos sites 2 avenue Georges BRASSENS C5 &#8211; 13100 AIX EN PROVENCE UTILISATION DE COOKIES La gestion des commandes n\u00e9cessite l\u2019utilisation de cookies. Des informations non personnelles sont enregistr\u00e9es par ce syst\u00e8me de cookies (fichiers texte [&hellip;]\" \/>\n<meta property=\"og:url\" content=\"https:\/\/insulineo.fr\/index.php\/mentions-legales\/\" \/>\n<meta property=\"og:site_name\" content=\"insulineo\" \/>\n<meta property=\"article:modified_time\" content=\"2026-02-04T16:43:04+00:00\" \/>\n<meta name=\"twitter:card\" content=\"summary_large_image\" \/>\n<meta name=\"twitter:label1\" content=\"Dur\u00e9e de lecture estim\u00e9e\" \/>\n\t<meta name=\"twitter:data1\" content=\"1 minute\" \/>\n<script type=\"application\/ld+json\" class=\"yoast-schema-graph\">{\"@context\":\"https:\\\/\\\/schema.org\",\"@graph\":[{\"@type\":\"WebPage\",\"@id\":\"https:\\\/\\\/insulineo.fr\\\/index.php\\\/mentions-legales\\\/\",\"url\":\"https:\\\/\\\/insulineo.fr\\\/index.php\\\/mentions-legales\\\/\",\"name\":\"Mentions l\u00e9gales - insulineo\",\"isPartOf\":{\"@id\":\"https:\\\/\\\/insulineo.fr\\\/#website\"},\"datePublished\":\"2022-03-11T15:56:51+00:00\",\"dateModified\":\"2026-02-04T16:43:04+00:00\",\"breadcrumb\":{\"@id\":\"https:\\\/\\\/insulineo.fr\\\/index.php\\\/mentions-legales\\\/#breadcrumb\"},\"inLanguage\":\"fr-FR\",\"potentialAction\":[{\"@type\":\"ReadAction\",\"target\":[\"https:\\\/\\\/insulineo.fr\\\/index.php\\\/mentions-legales\\\/\"]}]},{\"@type\":\"BreadcrumbList\",\"@id\":\"https:\\\/\\\/insulineo.fr\\\/index.php\\\/mentions-legales\\\/#breadcrumb\",\"itemListElement\":[{\"@type\":\"ListItem\",\"position\":1,\"name\":\"Accueil\",\"item\":\"https:\\\/\\\/insulineo.fr\\\/index.php\\\/accueil\\\/\"},{\"@type\":\"ListItem\",\"position\":2,\"name\":\"Mentions l\u00e9gales\"}]},{\"@type\":\"WebSite\",\"@id\":\"https:\\\/\\\/insulineo.fr\\\/#website\",\"url\":\"https:\\\/\\\/insulineo.fr\\\/\",\"name\":\"insulineo\",\"description\":\"\",\"potentialAction\":[{\"@type\":\"SearchAction\",\"target\":{\"@type\":\"EntryPoint\",\"urlTemplate\":\"https:\\\/\\\/insulineo.fr\\\/?s={search_term_string}\"},\"query-input\":{\"@type\":\"PropertyValueSpecification\",\"valueRequired\":true,\"valueName\":\"search_term_string\"}}],\"inLanguage\":\"fr-FR\"}]}<\/script>\n<!-- \/ Yoast SEO plugin. -->","yoast_head_json":{"title":"Mentions l\u00e9gales - insulineo","robots":{"index":"index","follow":"follow","max-snippet":"max-snippet:-1","max-image-preview":"max-image-preview:large","max-video-preview":"max-video-preview:-1"},"canonical":"https:\/\/insulineo.fr\/index.php\/mentions-legales\/","og_locale":"fr_FR","og_type":"article","og_title":"Mentions l\u00e9gales - insulineo","og_description":"www.insulineo.fr est un site officiel de : &nbsp; DIRECTEUR DE LA PUBLICATION Monsieur DAUSSE H\u00c9BERGEMENT Digisense\u00a0donnez du sens \u00e0 vos sites 2 avenue Georges BRASSENS C5 &#8211; 13100 AIX EN PROVENCE UTILISATION DE COOKIES La gestion des commandes n\u00e9cessite l\u2019utilisation de cookies. Des informations non personnelles sont enregistr\u00e9es par ce syst\u00e8me de cookies (fichiers texte [&hellip;]","og_url":"https:\/\/insulineo.fr\/index.php\/mentions-legales\/","og_site_name":"insulineo","article_modified_time":"2026-02-04T16:43:04+00:00","twitter_card":"summary_large_image","twitter_misc":{"Dur\u00e9e de lecture estim\u00e9e":"1 minute"},"schema":{"@context":"https:\/\/schema.org","@graph":[{"@type":"WebPage","@id":"https:\/\/insulineo.fr\/index.php\/mentions-legales\/","url":"https:\/\/insulineo.fr\/index.php\/mentions-legales\/","name":"Mentions l\u00e9gales - insulineo","isPartOf":{"@id":"https:\/\/insulineo.fr\/#website"},"datePublished":"2022-03-11T15:56:51+00:00","dateModified":"2026-02-04T16:43:04+00:00","breadcrumb":{"@id":"https:\/\/insulineo.fr\/index.php\/mentions-legales\/#breadcrumb"},"inLanguage":"fr-FR","potentialAction":[{"@type":"ReadAction","target":["https:\/\/insulineo.fr\/index.php\/mentions-legales\/"]}]},{"@type":"BreadcrumbList","@id":"https:\/\/insulineo.fr\/index.php\/mentions-legales\/#breadcrumb","itemListElement":[{"@type":"ListItem","position":1,"name":"Accueil","item":"https:\/\/insulineo.fr\/index.php\/accueil\/"},{"@type":"ListItem","position":2,"name":"Mentions l\u00e9gales"}]},{"@type":"WebSite","@id":"https:\/\/insulineo.fr\/#website","url":"https:\/\/insulineo.fr\/","name":"insulineo","description":"","potentialAction":[{"@type":"SearchAction","target":{"@type":"EntryPoint","urlTemplate":"https:\/\/insulineo.fr\/?s={search_term_string}"},"query-input":{"@type":"PropertyValueSpecification","valueRequired":true,"valueName":"search_term_string"}}],"inLanguage":"fr-FR"}]}},"_links":{"self":[{"href":"https:\/\/insulineo.fr\/index.php\/wp-json\/wp\/v2\/pages\/316","targetHints":{"allow":["GET"]}}],"collection":[{"href":"https:\/\/insulineo.fr\/index.php\/wp-json\/wp\/v2\/pages"}],"about":[{"href":"https:\/\/insulineo.fr\/index.php\/wp-json\/wp\/v2\/types\/page"}],"author":[{"embeddable":true,"href":"https:\/\/insulineo.fr\/index.php\/wp-json\/wp\/v2\/users\/1"}],"replies":[{"embeddable":true,"href":"https:\/\/insulineo.fr\/index.php\/wp-json\/wp\/v2\/comments?post=316"}],"version-history":[{"count":4,"href":"https:\/\/insulineo.fr\/index.php\/wp-json\/wp\/v2\/pages\/316\/revisions"}],"predecessor-version":[{"id":363,"href":"https:\/\/insulineo.fr\/index.php\/wp-json\/wp\/v2\/pages\/316\/revisions\/363"}],"wp:attachment":[{"href":"https:\/\/insulineo.fr\/index.php\/wp-json\/wp\/v2\/media?parent=316"}],"curies":[{"name":"wp","href":"https:\/\/api.w.org\/{rel}","templated":true}]}}